{"id":624,"date":"2018-07-02T16:40:56","date_gmt":"2018-07-02T14:40:56","guid":{"rendered":"https:\/\/beierhaascht.lu\/banquets\/"},"modified":"2018-08-24T15:09:31","modified_gmt":"2018-08-24T13:09:31","slug":"banquets","status":"publish","type":"page","link":"https:\/\/beierhaascht.lu\/de\/banquets\/","title":{"rendered":"Bankette"},"content":{"rendered":"<h2>Planen Sie in naher Zukunft eine FEier?<\/h2>\n<p>Das BEIERHAASCHT bietet Platz f\u00fcr bis zu 130 Personen im Erdgeschoss und 60 Personen auf der Mezzanine f\u00fcr den Empfang jeglicher Art, wie zB: Cocktail, Hochzeit, Jubil\u00e4um, Familienfeier, besondere Party, Tanzabend, etc.<\/p>\n<p>Ihre G\u00e4ste und Sie werden von der Pr\u00e4sentation unseres Tisches und von der Qualit\u00e4t und Vielfalt unserer Produkte begeistert sein. Wir wissen, wie wichtig die Vorbereitungen f\u00fcr ein solches Ereignis sind. Das Beierhaascht Team besteht aus\u00a0 qualifizierten Fachleuten, die Sie bei der Organisation und Vorbereitung Ihres Abends unterst\u00fctzen. Wir setzen alles daran Ihre Erwartungen zu erf\u00fcllen.<br \/>\nEine Reihe von Ideen, Kontakten, Vorschl\u00e4gen und Men\u00fcs k\u00f6nnen vorgeschlagen werden.<\/p>\n<p><strong>Z\u00f6gern Sie nicht, uns unter 26 50 85-403 oder per E-Mail an\u00a0 simone@beierhaascht.lu zu kontaktieren<\/strong><\/p>\n","protected":false},"excerpt":{"rendered":"<p>Planen Sie in naher Zukunft eine FEier? Das BEIERHAASCHT bietet Platz f\u00fcr bis zu 130 Personen im Erdgeschoss und 60 Personen auf der Mezzanine f\u00fcr den Empfang jeglicher Art, wie zB: Cocktail, Hochzeit, Jubil\u00e4um, Familienfeier, besondere Party, Tanzabend, etc. Ihre G\u00e4ste und Sie werden von der Pr\u00e4sentation unseres Tisches und von der Qualit\u00e4t und Vielfalt&#8230;<\/p>\n","protected":false},"author":8,"featured_media":0,"parent":0,"menu_order":0,"comment_status":"closed","ping_status":"closed","template":"","meta":{"_acf_changed":false,"footnotes":""},"class_list":["post-624","page","type-page","status-publish","hentry"],"acf":[],"yoast_head":"<!-- This site is optimized with the Yoast SEO plugin v27.3 - https:\/\/yoast.com\/product\/yoast-seo-wordpress\/ -->\n<title>Bankette | Beierhaascht<\/title>\n<meta name=\"robots\" content=\"index, follow, max-snippet:-1, max-image-preview:large, max-video-preview:-1\" \/>\n<link rel=\"canonical\" href=\"https:\/\/beierhaascht.lu\/banquets\/\" \/>\n<meta property=\"og:locale\" content=\"de_DE\" \/>\n<meta property=\"og:type\" content=\"article\" \/>\n<meta property=\"og:title\" content=\"Bankette | Beierhaascht\" \/>\n<meta property=\"og:description\" content=\"Planen Sie in naher Zukunft eine FEier? Das BEIERHAASCHT bietet Platz f\u00fcr bis zu 130 Personen im Erdgeschoss und 60 Personen auf der Mezzanine f\u00fcr den Empfang jeglicher Art, wie zB: Cocktail, Hochzeit, Jubil\u00e4um, Familienfeier, besondere Party, Tanzabend, etc. Ihre G\u00e4ste und Sie werden von der Pr\u00e4sentation unseres Tisches und von der Qualit\u00e4t und Vielfalt...\" \/>\n<meta property=\"og:url\" content=\"https:\/\/beierhaascht.lu\/banquets\/\" \/>\n<meta property=\"og:site_name\" content=\"Beierhaascht\" \/>\n<meta property=\"article:modified_time\" content=\"2018-08-24T13:09:31+00:00\" \/>\n<meta name=\"twitter:card\" content=\"summary_large_image\" \/>\n<meta name=\"twitter:label1\" content=\"Gesch\u00e4tzte Lesezeit\" \/>\n\t<meta name=\"twitter:data1\" content=\"1\u00a0Minute\" \/>\n<script type=\"application\/ld+json\" class=\"yoast-schema-graph\">{\"@context\":\"https:\\\/\\\/schema.org\",\"@graph\":[{\"@type\":\"WebPage\",\"@id\":\"https:\\\/\\\/beierhaascht.lu\\\/banquets\\\/\",\"url\":\"https:\\\/\\\/beierhaascht.lu\\\/banquets\\\/\",\"name\":\"Bankette | Beierhaascht\",\"isPartOf\":{\"@id\":\"https:\\\/\\\/beierhaascht.lu\\\/#website\"},\"datePublished\":\"2018-07-02T14:40:56+00:00\",\"dateModified\":\"2018-08-24T13:09:31+00:00\",\"breadcrumb\":{\"@id\":\"https:\\\/\\\/beierhaascht.lu\\\/banquets\\\/#breadcrumb\"},\"inLanguage\":\"de\",\"potentialAction\":[{\"@type\":\"ReadAction\",\"target\":[\"https:\\\/\\\/beierhaascht.lu\\\/banquets\\\/\"]}]},{\"@type\":\"BreadcrumbList\",\"@id\":\"https:\\\/\\\/beierhaascht.lu\\\/banquets\\\/#breadcrumb\",\"itemListElement\":[{\"@type\":\"ListItem\",\"position\":1,\"name\":\"Accueil\",\"item\":\"https:\\\/\\\/beierhaascht.lu\\\/\"},{\"@type\":\"ListItem\",\"position\":2,\"name\":\"Bankette\"}]},{\"@type\":\"WebSite\",\"@id\":\"https:\\\/\\\/beierhaascht.lu\\\/#website\",\"url\":\"https:\\\/\\\/beierhaascht.lu\\\/\",\"name\":\"Beierhaascht\",\"description\":\"\",\"potentialAction\":[{\"@type\":\"SearchAction\",\"target\":{\"@type\":\"EntryPoint\",\"urlTemplate\":\"https:\\\/\\\/beierhaascht.lu\\\/?s={search_term_string}\"},\"query-input\":{\"@type\":\"PropertyValueSpecification\",\"valueRequired\":true,\"valueName\":\"search_term_string\"}}],\"inLanguage\":\"de\"}]}<\/script>\n<!-- \/ Yoast SEO plugin. -->","yoast_head_json":{"title":"Bankette | Beierhaascht","robots":{"index":"index","follow":"follow","max-snippet":"max-snippet:-1","max-image-preview":"max-image-preview:large","max-video-preview":"max-video-preview:-1"},"canonical":"https:\/\/beierhaascht.lu\/banquets\/","og_locale":"de_DE","og_type":"article","og_title":"Bankette | Beierhaascht","og_description":"Planen Sie in naher Zukunft eine FEier? Das BEIERHAASCHT bietet Platz f\u00fcr bis zu 130 Personen im Erdgeschoss und 60 Personen auf der Mezzanine f\u00fcr den Empfang jeglicher Art, wie zB: Cocktail, Hochzeit, Jubil\u00e4um, Familienfeier, besondere Party, Tanzabend, etc. Ihre G\u00e4ste und Sie werden von der Pr\u00e4sentation unseres Tisches und von der Qualit\u00e4t und Vielfalt...","og_url":"https:\/\/beierhaascht.lu\/banquets\/","og_site_name":"Beierhaascht","article_modified_time":"2018-08-24T13:09:31+00:00","twitter_card":"summary_large_image","twitter_misc":{"Gesch\u00e4tzte Lesezeit":"1\u00a0Minute"},"schema":{"@context":"https:\/\/schema.org","@graph":[{"@type":"WebPage","@id":"https:\/\/beierhaascht.lu\/banquets\/","url":"https:\/\/beierhaascht.lu\/banquets\/","name":"Bankette | Beierhaascht","isPartOf":{"@id":"https:\/\/beierhaascht.lu\/#website"},"datePublished":"2018-07-02T14:40:56+00:00","dateModified":"2018-08-24T13:09:31+00:00","breadcrumb":{"@id":"https:\/\/beierhaascht.lu\/banquets\/#breadcrumb"},"inLanguage":"de","potentialAction":[{"@type":"ReadAction","target":["https:\/\/beierhaascht.lu\/banquets\/"]}]},{"@type":"BreadcrumbList","@id":"https:\/\/beierhaascht.lu\/banquets\/#breadcrumb","itemListElement":[{"@type":"ListItem","position":1,"name":"Accueil","item":"https:\/\/beierhaascht.lu\/"},{"@type":"ListItem","position":2,"name":"Bankette"}]},{"@type":"WebSite","@id":"https:\/\/beierhaascht.lu\/#website","url":"https:\/\/beierhaascht.lu\/","name":"Beierhaascht","description":"","potentialAction":[{"@type":"SearchAction","target":{"@type":"EntryPoint","urlTemplate":"https:\/\/beierhaascht.lu\/?s={search_term_string}"},"query-input":{"@type":"PropertyValueSpecification","valueRequired":true,"valueName":"search_term_string"}}],"inLanguage":"de"}]}},"_links":{"self":[{"href":"https:\/\/beierhaascht.lu\/de\/wp-json\/wp\/v2\/pages\/624","targetHints":{"allow":["GET"]}}],"collection":[{"href":"https:\/\/beierhaascht.lu\/de\/wp-json\/wp\/v2\/pages"}],"about":[{"href":"https:\/\/beierhaascht.lu\/de\/wp-json\/wp\/v2\/types\/page"}],"author":[{"embeddable":true,"href":"https:\/\/beierhaascht.lu\/de\/wp-json\/wp\/v2\/users\/8"}],"replies":[{"embeddable":true,"href":"https:\/\/beierhaascht.lu\/de\/wp-json\/wp\/v2\/comments?post=624"}],"version-history":[{"count":0,"href":"https:\/\/beierhaascht.lu\/de\/wp-json\/wp\/v2\/pages\/624\/revisions"}],"wp:attachment":[{"href":"https:\/\/beierhaascht.lu\/de\/wp-json\/wp\/v2\/media?parent=624"}],"curies":[{"name":"wp","href":"https:\/\/api.w.org\/{rel}","templated":true}]}}