{"id":638,"date":"2018-07-11T14:51:58","date_gmt":"2018-07-11T12:51:58","guid":{"rendered":"https:\/\/beierhaascht.lu\/atelier-brasseur\/nos-bieres\/"},"modified":"2018-08-24T15:08:12","modified_gmt":"2018-08-24T13:08:12","slug":"nos-bieres","status":"publish","type":"page","link":"https:\/\/beierhaascht.lu\/de\/atelier-brasseur\/nos-bieres\/","title":{"rendered":"Unsere Biere"},"content":{"rendered":"<h3><span title=\"Nos bi\u00e8res artisanales \u00ab L\u00ebtzeb\u00e9ier \u00bb \u2013 des vraies bi\u00e8res artisanales \">Unsere hausgebrauten Biere &#8222;L\u00ebtzeb\u00e9ier&#8220;\u00a0<\/span><\/h3>\n<p><span title=\"Nos bi\u00e8res artisanales \u00ab L\u00ebtzeb\u00e9ier \u00bb \u2013 des vraies bi\u00e8res artisanales \"><br \/>\n<\/span><span title=\"A la B\u00e9ierhaascht, d\u00e9crouvrez et d\u00e9gustez des bi\u00e8res non-filtr\u00e9es d\u2019une puret\u00e9 naturelle.\">In der B\u00e9ierhaascht k\u00f6nnen Sie ungefilterte Biere von nat\u00fcrlicher Reinheit entdecken und genie\u00dfen. <\/span><span title=\"Les bi\u00e8res sont brass\u00e9es au rythme des saisons (p.ex bi\u00e8re \u00e0 froment en \u00e9t\u00e9, Black Stuff en hiver). \">Die Biere werden im Rhythmus der Jahreszeiten gebraut (zB Weizenbier im Sommer, Black Stuff im Winter).<\/span><\/p>\n<p><span title=\"Les bi\u00e8res \u00ab L\u00ebtzeb\u00e9ier \u00bb se distinguent nettement des bi\u00e8res habituellement propos\u00e9es sur le march\u00e9.\">&#8222;L\u00ebtzeb\u00e9ier&#8220; Biere unterscheiden sich deutlich von den \u00fcblichen Bieren auf dem Markt. <\/span><span title=\"Leur go\u00fbt, typique de production traditionnelle, est incomparable!\">Ihr Geschmack, typisch f\u00fcr die traditionelle Produktion, ist unvergleichlich! <\/span><span title=\"Toutes les bi\u00e8res sont brass\u00e9es d\u2019apr\u00e8s la loi de puret\u00e9 allemande de 1516. \">Alle Biere werden nach dem deutschen Reinheitsgebot von 1516 gebraut.<\/span><\/p>\n<p><span title=\"Elles sont propos\u00e9es en divers conditionnements: bouteilles non consign\u00e9es de 0.33 l et f\u00fbts de 10, 30 et 50 litres.\">Sie sind in verschiedenen Verpackungen erh\u00e4ltlich: 0,33 l Einwegflaschen und 10, 30 und 50 Liter F\u00e4sser. <\/span><span title=\"Tout le mat\u00e9riel brassicole pour r\u00e9ussir vos f\u00eates peut \u00eatre lou\u00e9 chez nous. \">Alle Brauanlagen f\u00fcr ein gelungenes Fest k\u00f6nnen bei uns gemietet werden.<\/span><\/p>\n<p><span title=\"L\u00ebtzeb\u00e9ier \u00ab Hell \u00bb: Blonde (Golden Ale) avec une belle robe or p\u00e2le, \u00e0 boire entre amis.\"><strong>L\u00ebtzeb\u00e9ier &#8222;Hell&#8220;:<\/strong><em> Blond (Golden Ale)<\/em> mit einem sch\u00f6nen blass goldenen Kleid. <\/span><span title=\"Fine en bouche et stable, elle r\u00e9sulte d\u2019une m\u00e9thode de brassage traditionnelle.\">Am Gaumen fein und stabil, ergibt er sich aus einer traditionellen Braumethode. <\/span><span title=\"Le choix s\u00e9v\u00e8re de houblons nobles lui donne son amertume douce et agr\u00e9able.\">Die strenge Auswahl an Edelhopfen verleiht ihm eine s\u00fc\u00dfe und angenehme Bitterkeit. <\/span><span title=\"(5,1% alc.) \">(5,1% Alk.)<br \/>\n<\/span><\/p>\n<p><span title=\"L\u00ebtzeb\u00e9ier \u00ab Donkel \u00bb: Brune pur malt traditionnelle.\"><strong>L\u00ebtzeb\u00e9ier &#8222;Donkel&#8220;<\/strong>: <em>Braunes<\/em>\u00a0 Bier aus reinem traditionellem Malz. <\/span><span title=\"Tr\u00e8s tonique et douce \u00e0 la fois, cette brune classique, s\u00e9duira les amateurs de bi\u00e8res gr\u00e2ce \u00e0 sa complexit\u00e9 suivie d\u2019une finale douce.\">Sehr tonisch und s\u00fc\u00df zugleich, wird diese klassische Br\u00fcnette Bierliebhaber verf\u00fchren, dank ihrer Komplexit\u00e4t, gefolgt von einem weichen Finish. <\/span><span title=\"(6,3% alc.) \">(6,3% Alk.)<br \/>\n<\/span><\/p>\n<p><span title=\"L\u00ebtzeb\u00e9ier \u00ab Ambr\u00e9e \u00bb: Amber Ale parfaitement \u00e9quilibr\u00e9e entre amertume et go\u00fbt de malt.\"><strong>L\u00ebtzeb\u00e9ier &#8222;Amber&#8220;<\/strong>: Amber Ale perfekt zwischen Bitterkeit und Malzgeschmack ausgeglichen. <\/span><span title=\"Elle obtient sa couleur or cuivr\u00e9 gr\u00e2ce \u00e0 des malts sp\u00e9ciaux.\">Es bekommtseine kupferfarbene Goldfarbe dank spezieller leicht ger\u00f6steter Malze. <\/span><span title=\"Ce sont justement ces malts qui lui donnent son go\u00fbt plus cors\u00e9 et moelleux (5,2% alc.) \">Gerade diese Malze geben ihm einen vollen und lieblichen Geschmack (5,2% Alk.)<br \/>\n<\/span><\/p>\n<p><span title=\"L\u00ebtzeb\u00e9ier \u00ab Weessb\u00e9ier \u00bb: Blanche de froment \u00e0 femrentation haute.\"><strong>L\u00ebtzeb\u00e9ier &#8222;Weessb\u00e9ier&#8220;:<\/strong> Weizenbier aus oberg\u00e4rigem Brauprozess. U<\/span><span title=\"notre blanche est une bi\u00e8re p\u00e2le et trouble car non filtr\u00e9e.\">nser Weizenbier ist ein helles leicht tr\u00fcbes Bier. <\/span><span title=\"Elle est brass\u00e9e avec 50% de froment malt\u00e9.\">Es wird mit 50% gem\u00e4lztem Weizen gebraut. <\/span><span title=\"L\u2019utilisation de houblons \u00ab flavour \u00bb lui donne une belle note d\u2019agrume, ce qui la rend agr\u00e9able \u00e0 boire, surtout en \u00e9t\u00e9.\">Die Verwendung von\u00a0 &#8222;Flavour&#8220; Hopfen\u00a0 gibt ihm eine sch\u00f6ne Zitrusnote, die ihn besonders im Sommer angenehm zu trinken macht. <\/span><span title=\"(5,2% alc.) \">(5,2% Alk.)<br \/>\n<\/span><\/p>\n<p><span title=\"L\u00ebtzeb\u00e9ier \u00ab Black Stuff \u00bb: Dry Stout de fermentation haute.\"><strong>L\u00ebtzeb\u00e9ier &#8222;Black Stuff&#8220;:<\/strong> Ein &#8222;Stout&#8220; aus oberg\u00e4rigem Brauprozess. <\/span><span title=\"Son go\u00fbt riche et velout\u00e9 de caf\u00e9 grill\u00e9 et de chocolat, ainsi que sa couleur opaque proviennent du malt torr\u00e9fi\u00e9.\">Sein reicher und samtiger Geschmack von ger\u00f6stetem Kaffee und Schokolade sowie seine opake Farbe stammen von ger\u00f6stetem Malz. <\/span><span title=\"son ar\u00f4me intense est arrondi par des houblons aromatiques et toute meilleur qualit\u00e9.\">Sein intensives Aroma wird durch aromatischen Hopfen aus bester Qualit\u00e4t abgerundet. <\/span><span title=\"(5,0% alc.)\">(5,0% Alk.)<\/span><\/p>\n","protected":false},"excerpt":{"rendered":"<p>Unsere hausgebrauten Biere &#8222;L\u00ebtzeb\u00e9ier&#8220;\u00a0 In der B\u00e9ierhaascht k\u00f6nnen Sie ungefilterte Biere von nat\u00fcrlicher Reinheit entdecken und genie\u00dfen. Die Biere werden im Rhythmus der Jahreszeiten gebraut (zB Weizenbier im Sommer, Black Stuff im Winter). &#8222;L\u00ebtzeb\u00e9ier&#8220; Biere unterscheiden sich deutlich von den \u00fcblichen Bieren auf dem Markt. Ihr Geschmack, typisch f\u00fcr die traditionelle Produktion, ist unvergleichlich! Alle&#8230;<\/p>\n","protected":false},"author":8,"featured_media":0,"parent":626,"menu_order":0,"comment_status":"closed","ping_status":"closed","template":"","meta":{"_acf_changed":false,"footnotes":""},"class_list":["post-638","page","type-page","status-publish","hentry"],"acf":[],"yoast_head":"<!-- This site is optimized with the Yoast SEO plugin v27.3 - https:\/\/yoast.com\/product\/yoast-seo-wordpress\/ -->\n<title>Unsere Biere | Beierhaascht<\/title>\n<meta name=\"robots\" content=\"index, follow, max-snippet:-1, max-image-preview:large, max-video-preview:-1\" \/>\n<link rel=\"canonical\" href=\"https:\/\/beierhaascht.lu\/de\/atelier-brasseur\/nos-bieres\/\" \/>\n<meta property=\"og:locale\" content=\"de_DE\" \/>\n<meta property=\"og:type\" content=\"article\" \/>\n<meta property=\"og:title\" content=\"Unsere Biere | Beierhaascht\" \/>\n<meta property=\"og:description\" content=\"Unsere hausgebrauten Biere &#8222;L\u00ebtzeb\u00e9ier&#8220;\u00a0 In der B\u00e9ierhaascht k\u00f6nnen Sie ungefilterte Biere von nat\u00fcrlicher Reinheit entdecken und genie\u00dfen. Die Biere werden im Rhythmus der Jahreszeiten gebraut (zB Weizenbier im Sommer, Black Stuff im Winter). &#8222;L\u00ebtzeb\u00e9ier&#8220; Biere unterscheiden sich deutlich von den \u00fcblichen Bieren auf dem Markt. Ihr Geschmack, typisch f\u00fcr die traditionelle Produktion, ist unvergleichlich! Alle...\" \/>\n<meta property=\"og:url\" content=\"https:\/\/beierhaascht.lu\/de\/atelier-brasseur\/nos-bieres\/\" \/>\n<meta property=\"og:site_name\" content=\"Beierhaascht\" \/>\n<meta property=\"article:modified_time\" content=\"2018-08-24T13:08:12+00:00\" \/>\n<meta name=\"twitter:card\" content=\"summary_large_image\" \/>\n<meta name=\"twitter:label1\" content=\"Gesch\u00e4tzte Lesezeit\" \/>\n\t<meta name=\"twitter:data1\" content=\"1\u00a0Minute\" \/>\n<script type=\"application\/ld+json\" class=\"yoast-schema-graph\">{\"@context\":\"https:\\\/\\\/schema.org\",\"@graph\":[{\"@type\":\"WebPage\",\"@id\":\"https:\\\/\\\/beierhaascht.lu\\\/de\\\/atelier-brasseur\\\/nos-bieres\\\/\",\"url\":\"https:\\\/\\\/beierhaascht.lu\\\/de\\\/atelier-brasseur\\\/nos-bieres\\\/\",\"name\":\"Unsere Biere | Beierhaascht\",\"isPartOf\":{\"@id\":\"https:\\\/\\\/beierhaascht.lu\\\/#website\"},\"datePublished\":\"2018-07-11T12:51:58+00:00\",\"dateModified\":\"2018-08-24T13:08:12+00:00\",\"breadcrumb\":{\"@id\":\"https:\\\/\\\/beierhaascht.lu\\\/de\\\/atelier-brasseur\\\/nos-bieres\\\/#breadcrumb\"},\"inLanguage\":\"de\",\"potentialAction\":[{\"@type\":\"ReadAction\",\"target\":[\"https:\\\/\\\/beierhaascht.lu\\\/de\\\/atelier-brasseur\\\/nos-bieres\\\/\"]}]},{\"@type\":\"BreadcrumbList\",\"@id\":\"https:\\\/\\\/beierhaascht.lu\\\/de\\\/atelier-brasseur\\\/nos-bieres\\\/#breadcrumb\",\"itemListElement\":[{\"@type\":\"ListItem\",\"position\":1,\"name\":\"Accueil\",\"item\":\"https:\\\/\\\/beierhaascht.lu\\\/\"},{\"@type\":\"ListItem\",\"position\":2,\"name\":\"Des Braumeisters Werkstatt\",\"item\":\"https:\\\/\\\/beierhaascht.lu\\\/atelier-brasseur\\\/\"},{\"@type\":\"ListItem\",\"position\":3,\"name\":\"Unsere Biere\"}]},{\"@type\":\"WebSite\",\"@id\":\"https:\\\/\\\/beierhaascht.lu\\\/#website\",\"url\":\"https:\\\/\\\/beierhaascht.lu\\\/\",\"name\":\"Beierhaascht\",\"description\":\"\",\"potentialAction\":[{\"@type\":\"SearchAction\",\"target\":{\"@type\":\"EntryPoint\",\"urlTemplate\":\"https:\\\/\\\/beierhaascht.lu\\\/?s={search_term_string}\"},\"query-input\":{\"@type\":\"PropertyValueSpecification\",\"valueRequired\":true,\"valueName\":\"search_term_string\"}}],\"inLanguage\":\"de\"}]}<\/script>\n<!-- \/ Yoast SEO plugin. -->","yoast_head_json":{"title":"Unsere Biere | Beierhaascht","robots":{"index":"index","follow":"follow","max-snippet":"max-snippet:-1","max-image-preview":"max-image-preview:large","max-video-preview":"max-video-preview:-1"},"canonical":"https:\/\/beierhaascht.lu\/de\/atelier-brasseur\/nos-bieres\/","og_locale":"de_DE","og_type":"article","og_title":"Unsere Biere | Beierhaascht","og_description":"Unsere hausgebrauten Biere &#8222;L\u00ebtzeb\u00e9ier&#8220;\u00a0 In der B\u00e9ierhaascht k\u00f6nnen Sie ungefilterte Biere von nat\u00fcrlicher Reinheit entdecken und genie\u00dfen. Die Biere werden im Rhythmus der Jahreszeiten gebraut (zB Weizenbier im Sommer, Black Stuff im Winter). &#8222;L\u00ebtzeb\u00e9ier&#8220; Biere unterscheiden sich deutlich von den \u00fcblichen Bieren auf dem Markt. Ihr Geschmack, typisch f\u00fcr die traditionelle Produktion, ist unvergleichlich! Alle...","og_url":"https:\/\/beierhaascht.lu\/de\/atelier-brasseur\/nos-bieres\/","og_site_name":"Beierhaascht","article_modified_time":"2018-08-24T13:08:12+00:00","twitter_card":"summary_large_image","twitter_misc":{"Gesch\u00e4tzte Lesezeit":"1\u00a0Minute"},"schema":{"@context":"https:\/\/schema.org","@graph":[{"@type":"WebPage","@id":"https:\/\/beierhaascht.lu\/de\/atelier-brasseur\/nos-bieres\/","url":"https:\/\/beierhaascht.lu\/de\/atelier-brasseur\/nos-bieres\/","name":"Unsere Biere | Beierhaascht","isPartOf":{"@id":"https:\/\/beierhaascht.lu\/#website"},"datePublished":"2018-07-11T12:51:58+00:00","dateModified":"2018-08-24T13:08:12+00:00","breadcrumb":{"@id":"https:\/\/beierhaascht.lu\/de\/atelier-brasseur\/nos-bieres\/#breadcrumb"},"inLanguage":"de","potentialAction":[{"@type":"ReadAction","target":["https:\/\/beierhaascht.lu\/de\/atelier-brasseur\/nos-bieres\/"]}]},{"@type":"BreadcrumbList","@id":"https:\/\/beierhaascht.lu\/de\/atelier-brasseur\/nos-bieres\/#breadcrumb","itemListElement":[{"@type":"ListItem","position":1,"name":"Accueil","item":"https:\/\/beierhaascht.lu\/"},{"@type":"ListItem","position":2,"name":"Des Braumeisters Werkstatt","item":"https:\/\/beierhaascht.lu\/atelier-brasseur\/"},{"@type":"ListItem","position":3,"name":"Unsere Biere"}]},{"@type":"WebSite","@id":"https:\/\/beierhaascht.lu\/#website","url":"https:\/\/beierhaascht.lu\/","name":"Beierhaascht","description":"","potentialAction":[{"@type":"SearchAction","target":{"@type":"EntryPoint","urlTemplate":"https:\/\/beierhaascht.lu\/?s={search_term_string}"},"query-input":{"@type":"PropertyValueSpecification","valueRequired":true,"valueName":"search_term_string"}}],"inLanguage":"de"}]}},"_links":{"self":[{"href":"https:\/\/beierhaascht.lu\/de\/wp-json\/wp\/v2\/pages\/638","targetHints":{"allow":["GET"]}}],"collection":[{"href":"https:\/\/beierhaascht.lu\/de\/wp-json\/wp\/v2\/pages"}],"about":[{"href":"https:\/\/beierhaascht.lu\/de\/wp-json\/wp\/v2\/types\/page"}],"author":[{"embeddable":true,"href":"https:\/\/beierhaascht.lu\/de\/wp-json\/wp\/v2\/users\/8"}],"replies":[{"embeddable":true,"href":"https:\/\/beierhaascht.lu\/de\/wp-json\/wp\/v2\/comments?post=638"}],"version-history":[{"count":0,"href":"https:\/\/beierhaascht.lu\/de\/wp-json\/wp\/v2\/pages\/638\/revisions"}],"up":[{"embeddable":true,"href":"https:\/\/beierhaascht.lu\/de\/wp-json\/wp\/v2\/pages\/626"}],"wp:attachment":[{"href":"https:\/\/beierhaascht.lu\/de\/wp-json\/wp\/v2\/media?parent=638"}],"curies":[{"name":"wp","href":"https:\/\/api.w.org\/{rel}","templated":true}]}}