{"id":647,"date":"2018-07-04T17:54:03","date_gmt":"2018-07-04T15:54:03","guid":{"rendered":"https:\/\/beierhaascht.lu\/restaurant\/carte\/"},"modified":"2025-12-09T13:12:58","modified_gmt":"2025-12-09T12:12:58","slug":"carte-2","status":"publish","type":"page","link":"https:\/\/beierhaascht.lu\/de\/restaurant\/carte-2\/","title":{"rendered":"Die Speisekarte"},"content":{"rendered":"<h2>Erkunden Sie unsere Speisekarte<\/h2>\n<p>Unsere Speisekarte besteht aus luxemburgischen und franz\u00f6sischen Spezialit\u00e4ten. Unser K\u00fcchenchef und seine K\u00fcchenbrigade arbeiten mit frischen, hochwertigen Produkten und vorzugsweise aus der Region.<\/p>\n","protected":false},"excerpt":{"rendered":"<p>Erkunden Sie unsere Speisekarte Unsere Speisekarte besteht aus luxemburgischen und franz\u00f6sischen Spezialit\u00e4ten. Unser K\u00fcchenchef und seine K\u00fcchenbrigade arbeiten mit frischen, hochwertigen Produkten und vorzugsweise aus der Region.<\/p>\n","protected":false},"author":8,"featured_media":0,"parent":643,"menu_order":0,"comment_status":"closed","ping_status":"closed","template":"page-carte.php","meta":{"_acf_changed":false,"footnotes":""},"class_list":["post-647","page","type-page","status-publish","hentry"],"acf":[],"yoast_head":"<!-- This site is optimized with the Yoast SEO plugin v27.3 - https:\/\/yoast.com\/product\/yoast-seo-wordpress\/ -->\n<title>Die Speisekarte | Beierhaascht<\/title>\n<meta name=\"robots\" content=\"index, follow, max-snippet:-1, max-image-preview:large, max-video-preview:-1\" \/>\n<link rel=\"canonical\" href=\"https:\/\/beierhaascht.lu\/restaurant\/carte\/\" \/>\n<meta property=\"og:locale\" content=\"de_DE\" \/>\n<meta property=\"og:type\" content=\"article\" \/>\n<meta property=\"og:title\" content=\"Die Speisekarte | Beierhaascht\" \/>\n<meta property=\"og:description\" content=\"Erkunden Sie unsere Speisekarte Unsere Speisekarte besteht aus luxemburgischen und franz\u00f6sischen Spezialit\u00e4ten. Unser K\u00fcchenchef und seine K\u00fcchenbrigade arbeiten mit frischen, hochwertigen Produkten und vorzugsweise aus der Region.\" \/>\n<meta property=\"og:url\" content=\"https:\/\/beierhaascht.lu\/restaurant\/carte\/\" \/>\n<meta property=\"og:site_name\" content=\"Beierhaascht\" \/>\n<meta property=\"article:modified_time\" content=\"2025-12-09T12:12:58+00:00\" \/>\n<meta name=\"twitter:card\" content=\"summary_large_image\" \/>\n<script type=\"application\/ld+json\" class=\"yoast-schema-graph\">{\"@context\":\"https:\\\/\\\/schema.org\",\"@graph\":[{\"@type\":\"WebPage\",\"@id\":\"https:\\\/\\\/beierhaascht.lu\\\/restaurant\\\/carte\\\/\",\"url\":\"https:\\\/\\\/beierhaascht.lu\\\/restaurant\\\/carte\\\/\",\"name\":\"Die Speisekarte | Beierhaascht\",\"isPartOf\":{\"@id\":\"https:\\\/\\\/beierhaascht.lu\\\/#website\"},\"datePublished\":\"2018-07-04T15:54:03+00:00\",\"dateModified\":\"2025-12-09T12:12:58+00:00\",\"breadcrumb\":{\"@id\":\"https:\\\/\\\/beierhaascht.lu\\\/restaurant\\\/carte\\\/#breadcrumb\"},\"inLanguage\":\"de\",\"potentialAction\":[{\"@type\":\"ReadAction\",\"target\":[\"https:\\\/\\\/beierhaascht.lu\\\/restaurant\\\/carte\\\/\"]}]},{\"@type\":\"BreadcrumbList\",\"@id\":\"https:\\\/\\\/beierhaascht.lu\\\/restaurant\\\/carte\\\/#breadcrumb\",\"itemListElement\":[{\"@type\":\"ListItem\",\"position\":1,\"name\":\"Accueil\",\"item\":\"https:\\\/\\\/beierhaascht.lu\\\/\"},{\"@type\":\"ListItem\",\"position\":2,\"name\":\"Das Restaurant\",\"item\":\"https:\\\/\\\/beierhaascht.lu\\\/restaurant\\\/\"},{\"@type\":\"ListItem\",\"position\":3,\"name\":\"Die Speisekarte\"}]},{\"@type\":\"WebSite\",\"@id\":\"https:\\\/\\\/beierhaascht.lu\\\/#website\",\"url\":\"https:\\\/\\\/beierhaascht.lu\\\/\",\"name\":\"Beierhaascht\",\"description\":\"\",\"potentialAction\":[{\"@type\":\"SearchAction\",\"target\":{\"@type\":\"EntryPoint\",\"urlTemplate\":\"https:\\\/\\\/beierhaascht.lu\\\/?s={search_term_string}\"},\"query-input\":{\"@type\":\"PropertyValueSpecification\",\"valueRequired\":true,\"valueName\":\"search_term_string\"}}],\"inLanguage\":\"de\"}]}<\/script>\n<!-- \/ Yoast SEO plugin. -->","yoast_head_json":{"title":"Die Speisekarte | Beierhaascht","robots":{"index":"index","follow":"follow","max-snippet":"max-snippet:-1","max-image-preview":"max-image-preview:large","max-video-preview":"max-video-preview:-1"},"canonical":"https:\/\/beierhaascht.lu\/restaurant\/carte\/","og_locale":"de_DE","og_type":"article","og_title":"Die Speisekarte | Beierhaascht","og_description":"Erkunden Sie unsere Speisekarte Unsere Speisekarte besteht aus luxemburgischen und franz\u00f6sischen Spezialit\u00e4ten. Unser K\u00fcchenchef und seine K\u00fcchenbrigade arbeiten mit frischen, hochwertigen Produkten und vorzugsweise aus der Region.","og_url":"https:\/\/beierhaascht.lu\/restaurant\/carte\/","og_site_name":"Beierhaascht","article_modified_time":"2025-12-09T12:12:58+00:00","twitter_card":"summary_large_image","schema":{"@context":"https:\/\/schema.org","@graph":[{"@type":"WebPage","@id":"https:\/\/beierhaascht.lu\/restaurant\/carte\/","url":"https:\/\/beierhaascht.lu\/restaurant\/carte\/","name":"Die Speisekarte | Beierhaascht","isPartOf":{"@id":"https:\/\/beierhaascht.lu\/#website"},"datePublished":"2018-07-04T15:54:03+00:00","dateModified":"2025-12-09T12:12:58+00:00","breadcrumb":{"@id":"https:\/\/beierhaascht.lu\/restaurant\/carte\/#breadcrumb"},"inLanguage":"de","potentialAction":[{"@type":"ReadAction","target":["https:\/\/beierhaascht.lu\/restaurant\/carte\/"]}]},{"@type":"BreadcrumbList","@id":"https:\/\/beierhaascht.lu\/restaurant\/carte\/#breadcrumb","itemListElement":[{"@type":"ListItem","position":1,"name":"Accueil","item":"https:\/\/beierhaascht.lu\/"},{"@type":"ListItem","position":2,"name":"Das Restaurant","item":"https:\/\/beierhaascht.lu\/restaurant\/"},{"@type":"ListItem","position":3,"name":"Die Speisekarte"}]},{"@type":"WebSite","@id":"https:\/\/beierhaascht.lu\/#website","url":"https:\/\/beierhaascht.lu\/","name":"Beierhaascht","description":"","potentialAction":[{"@type":"SearchAction","target":{"@type":"EntryPoint","urlTemplate":"https:\/\/beierhaascht.lu\/?s={search_term_string}"},"query-input":{"@type":"PropertyValueSpecification","valueRequired":true,"valueName":"search_term_string"}}],"inLanguage":"de"}]}},"_links":{"self":[{"href":"https:\/\/beierhaascht.lu\/de\/wp-json\/wp\/v2\/pages\/647","targetHints":{"allow":["GET"]}}],"collection":[{"href":"https:\/\/beierhaascht.lu\/de\/wp-json\/wp\/v2\/pages"}],"about":[{"href":"https:\/\/beierhaascht.lu\/de\/wp-json\/wp\/v2\/types\/page"}],"author":[{"embeddable":true,"href":"https:\/\/beierhaascht.lu\/de\/wp-json\/wp\/v2\/users\/8"}],"replies":[{"embeddable":true,"href":"https:\/\/beierhaascht.lu\/de\/wp-json\/wp\/v2\/comments?post=647"}],"version-history":[{"count":0,"href":"https:\/\/beierhaascht.lu\/de\/wp-json\/wp\/v2\/pages\/647\/revisions"}],"up":[{"embeddable":true,"href":"https:\/\/beierhaascht.lu\/de\/wp-json\/wp\/v2\/pages\/643"}],"wp:attachment":[{"href":"https:\/\/beierhaascht.lu\/de\/wp-json\/wp\/v2\/media?parent=647"}],"curies":[{"name":"wp","href":"https:\/\/api.w.org\/{rel}","templated":true}]}}