{"id":651,"date":"2018-07-04T16:41:36","date_gmt":"2018-07-04T14:41:36","guid":{"rendered":"https:\/\/beierhaascht.lu\/cheque-cadeau\/"},"modified":"2018-08-30T20:55:18","modified_gmt":"2018-08-30T18:55:18","slug":"cheque-cadeau","status":"publish","type":"page","link":"https:\/\/beierhaascht.lu\/de\/cheque-cadeau\/","title":{"rendered":"Verschenken Sie einen Gutschein"},"content":{"rendered":"<h2>Schenken Sie einen Gutschein!<\/h2>\n<p>Wir bieten Ihnen die M\u00f6glichkeit Einen Geschenkgutschein zu erwerben, welche der Empf\u00e4nger in unserem Restaurant, in unserem Hotel, in unserer Metzgerei oder in unserer Brauerei benutzen kann. F\u00fcr weitere Informationen, rufen Sie uns an +352 26 50 85 400 oder schreiben Sie uns eine Email info@beierhaascht.lu<\/p>\n","protected":false},"excerpt":{"rendered":"<p>Schenken Sie einen Gutschein! Wir bieten Ihnen die M\u00f6glichkeit Einen Geschenkgutschein zu erwerben, welche der Empf\u00e4nger in unserem Restaurant, in unserem Hotel, in unserer Metzgerei oder in unserer Brauerei benutzen kann. F\u00fcr weitere Informationen, rufen Sie uns an +352 26 50 85 400 oder schreiben Sie uns eine Email info@beierhaascht.lu<\/p>\n","protected":false},"author":8,"featured_media":0,"parent":0,"menu_order":0,"comment_status":"closed","ping_status":"closed","template":"page-cheque-cadeau.php","meta":{"_acf_changed":false,"footnotes":""},"class_list":["post-651","page","type-page","status-publish","hentry"],"acf":[],"yoast_head":"<!-- This site is optimized with the Yoast SEO plugin v27.3 - https:\/\/yoast.com\/product\/yoast-seo-wordpress\/ -->\n<title>Verschenken Sie einen Gutschein | Beierhaascht<\/title>\n<meta name=\"robots\" content=\"index, follow, max-snippet:-1, max-image-preview:large, max-video-preview:-1\" \/>\n<link rel=\"canonical\" href=\"https:\/\/beierhaascht.lu\/cheque-cadeau\/\" \/>\n<meta property=\"og:locale\" content=\"de_DE\" \/>\n<meta property=\"og:type\" content=\"article\" \/>\n<meta property=\"og:title\" content=\"Verschenken Sie einen Gutschein | Beierhaascht\" \/>\n<meta property=\"og:description\" content=\"Schenken Sie einen Gutschein! Wir bieten Ihnen die M\u00f6glichkeit Einen Geschenkgutschein zu erwerben, welche der Empf\u00e4nger in unserem Restaurant, in unserem Hotel, in unserer Metzgerei oder in unserer Brauerei benutzen kann. F\u00fcr weitere Informationen, rufen Sie uns an +352 26 50 85 400 oder schreiben Sie uns eine Email info@beierhaascht.lu\" \/>\n<meta property=\"og:url\" content=\"https:\/\/beierhaascht.lu\/cheque-cadeau\/\" \/>\n<meta property=\"og:site_name\" content=\"Beierhaascht\" \/>\n<meta property=\"article:modified_time\" content=\"2018-08-30T18:55:18+00:00\" \/>\n<meta name=\"twitter:card\" content=\"summary_large_image\" \/>\n<script type=\"application\/ld+json\" class=\"yoast-schema-graph\">{\"@context\":\"https:\\\/\\\/schema.org\",\"@graph\":[{\"@type\":\"WebPage\",\"@id\":\"https:\\\/\\\/beierhaascht.lu\\\/cheque-cadeau\\\/\",\"url\":\"https:\\\/\\\/beierhaascht.lu\\\/cheque-cadeau\\\/\",\"name\":\"Verschenken Sie einen Gutschein | Beierhaascht\",\"isPartOf\":{\"@id\":\"https:\\\/\\\/beierhaascht.lu\\\/#website\"},\"datePublished\":\"2018-07-04T14:41:36+00:00\",\"dateModified\":\"2018-08-30T18:55:18+00:00\",\"breadcrumb\":{\"@id\":\"https:\\\/\\\/beierhaascht.lu\\\/cheque-cadeau\\\/#breadcrumb\"},\"inLanguage\":\"de\",\"potentialAction\":[{\"@type\":\"ReadAction\",\"target\":[\"https:\\\/\\\/beierhaascht.lu\\\/cheque-cadeau\\\/\"]}]},{\"@type\":\"BreadcrumbList\",\"@id\":\"https:\\\/\\\/beierhaascht.lu\\\/cheque-cadeau\\\/#breadcrumb\",\"itemListElement\":[{\"@type\":\"ListItem\",\"position\":1,\"name\":\"Accueil\",\"item\":\"https:\\\/\\\/beierhaascht.lu\\\/\"},{\"@type\":\"ListItem\",\"position\":2,\"name\":\"Verschenken Sie einen Gutschein\"}]},{\"@type\":\"WebSite\",\"@id\":\"https:\\\/\\\/beierhaascht.lu\\\/#website\",\"url\":\"https:\\\/\\\/beierhaascht.lu\\\/\",\"name\":\"Beierhaascht\",\"description\":\"\",\"potentialAction\":[{\"@type\":\"SearchAction\",\"target\":{\"@type\":\"EntryPoint\",\"urlTemplate\":\"https:\\\/\\\/beierhaascht.lu\\\/?s={search_term_string}\"},\"query-input\":{\"@type\":\"PropertyValueSpecification\",\"valueRequired\":true,\"valueName\":\"search_term_string\"}}],\"inLanguage\":\"de\"}]}<\/script>\n<!-- \/ Yoast SEO plugin. -->","yoast_head_json":{"title":"Verschenken Sie einen Gutschein | Beierhaascht","robots":{"index":"index","follow":"follow","max-snippet":"max-snippet:-1","max-image-preview":"max-image-preview:large","max-video-preview":"max-video-preview:-1"},"canonical":"https:\/\/beierhaascht.lu\/cheque-cadeau\/","og_locale":"de_DE","og_type":"article","og_title":"Verschenken Sie einen Gutschein | Beierhaascht","og_description":"Schenken Sie einen Gutschein! Wir bieten Ihnen die M\u00f6glichkeit Einen Geschenkgutschein zu erwerben, welche der Empf\u00e4nger in unserem Restaurant, in unserem Hotel, in unserer Metzgerei oder in unserer Brauerei benutzen kann. F\u00fcr weitere Informationen, rufen Sie uns an +352 26 50 85 400 oder schreiben Sie uns eine Email info@beierhaascht.lu","og_url":"https:\/\/beierhaascht.lu\/cheque-cadeau\/","og_site_name":"Beierhaascht","article_modified_time":"2018-08-30T18:55:18+00:00","twitter_card":"summary_large_image","schema":{"@context":"https:\/\/schema.org","@graph":[{"@type":"WebPage","@id":"https:\/\/beierhaascht.lu\/cheque-cadeau\/","url":"https:\/\/beierhaascht.lu\/cheque-cadeau\/","name":"Verschenken Sie einen Gutschein | Beierhaascht","isPartOf":{"@id":"https:\/\/beierhaascht.lu\/#website"},"datePublished":"2018-07-04T14:41:36+00:00","dateModified":"2018-08-30T18:55:18+00:00","breadcrumb":{"@id":"https:\/\/beierhaascht.lu\/cheque-cadeau\/#breadcrumb"},"inLanguage":"de","potentialAction":[{"@type":"ReadAction","target":["https:\/\/beierhaascht.lu\/cheque-cadeau\/"]}]},{"@type":"BreadcrumbList","@id":"https:\/\/beierhaascht.lu\/cheque-cadeau\/#breadcrumb","itemListElement":[{"@type":"ListItem","position":1,"name":"Accueil","item":"https:\/\/beierhaascht.lu\/"},{"@type":"ListItem","position":2,"name":"Verschenken Sie einen Gutschein"}]},{"@type":"WebSite","@id":"https:\/\/beierhaascht.lu\/#website","url":"https:\/\/beierhaascht.lu\/","name":"Beierhaascht","description":"","potentialAction":[{"@type":"SearchAction","target":{"@type":"EntryPoint","urlTemplate":"https:\/\/beierhaascht.lu\/?s={search_term_string}"},"query-input":{"@type":"PropertyValueSpecification","valueRequired":true,"valueName":"search_term_string"}}],"inLanguage":"de"}]}},"_links":{"self":[{"href":"https:\/\/beierhaascht.lu\/de\/wp-json\/wp\/v2\/pages\/651","targetHints":{"allow":["GET"]}}],"collection":[{"href":"https:\/\/beierhaascht.lu\/de\/wp-json\/wp\/v2\/pages"}],"about":[{"href":"https:\/\/beierhaascht.lu\/de\/wp-json\/wp\/v2\/types\/page"}],"author":[{"embeddable":true,"href":"https:\/\/beierhaascht.lu\/de\/wp-json\/wp\/v2\/users\/8"}],"replies":[{"embeddable":true,"href":"https:\/\/beierhaascht.lu\/de\/wp-json\/wp\/v2\/comments?post=651"}],"version-history":[{"count":0,"href":"https:\/\/beierhaascht.lu\/de\/wp-json\/wp\/v2\/pages\/651\/revisions"}],"wp:attachment":[{"href":"https:\/\/beierhaascht.lu\/de\/wp-json\/wp\/v2\/media?parent=651"}],"curies":[{"name":"wp","href":"https:\/\/api.w.org\/{rel}","templated":true}]}}