{"id":637,"date":"2018-07-11T14:51:58","date_gmt":"2018-07-11T12:51:58","guid":{"rendered":"https:\/\/beierhaascht.lu\/atelier-brasseur\/nos-bieres\/"},"modified":"2018-08-17T10:19:14","modified_gmt":"2018-08-17T08:19:14","slug":"nos-bieres","status":"publish","type":"page","link":"https:\/\/beierhaascht.lu\/en\/atelier-brasseur\/nos-bieres\/","title":{"rendered":"Our Beers"},"content":{"rendered":"<h3><span id=\"result_box\" lang=\"en\"><span title=\"Nos bi\u00e8res artisanales \u00ab L\u00ebtzeb\u00e9ier \u00bb \u2013 des vraies bi\u00e8res artisanales\n\">Our craft beers &#8220;L\u00ebtzeb\u00e9ier&#8221; &#8211; real craft beers<br \/>\n<\/span><\/span><\/h3>\n<p><span id=\"result_box\" lang=\"en\"><span title=\"A la B\u00e9ierhaascht, d\u00e9crouvrez et d\u00e9gustez des bi\u00e8res non-filtr\u00e9es d\u2019une puret\u00e9 naturelle.\">At the B\u00e9ierhaascht, discover and enjoy unfiltered beers of natural purity. <\/span><span title=\"Les bi\u00e8res sont brass\u00e9es au rythme des saisons (p.ex bi\u00e8re \u00e0 froment en \u00e9t\u00e9, Black Stuff en hiver).\n\">Beers are brewed to the rhythm of the seasons (eg wheat beer in summer, Black Stuff in winter).<\/span><\/span><\/p>\n<p><span id=\"result_box\" lang=\"en\"><span title=\"Les bi\u00e8res \u00ab L\u00ebtzeb\u00e9ier \u00bb se distinguent nettement des bi\u00e8res habituellement propos\u00e9es sur le march\u00e9.\"><strong>&#8220;L\u00ebtzeb\u00e9ier<\/strong>&#8221; beers are distinctly different from the usual beers on the market. <\/span><span title=\"Leur go\u00fbt, typique de production traditionnelle, est incomparable!\">Their taste, typical of traditional production, is incomparable! <\/span><span title=\"Toutes les bi\u00e8res sont brass\u00e9es d\u2019apr\u00e8s la loi de puret\u00e9 allemande de 1516.\n\">All beers are brewed according to the German Purity Law of 1516.<\/span><\/span><\/p>\n<p><span id=\"result_box\" lang=\"en\"><span title=\"Elles sont propos\u00e9es en divers conditionnements: bouteilles non consign\u00e9es de 0.33 l et f\u00fbts de 10, 30 et 50 litres.\">They are available in various packaging: 0.33 l non-returnable bottles and 10, 30 and 50 liter drums. <\/span><span title=\"Tout le mat\u00e9riel brassicole pour r\u00e9ussir vos f\u00eates peut \u00eatre lou\u00e9 chez nous.\n\">All the brewing equipment for a successful private or coporate event can be rented from us.<br \/>\n<\/span><\/span><\/p>\n<p><span id=\"result_box\" lang=\"en\"><span title=\"L\u00ebtzeb\u00e9ier \u00ab Hell \u00bb: Blonde (Golden Ale) avec une belle robe or p\u00e2le, \u00e0 boire entre amis.\"><strong>L\u00ebtzeb\u00e9ier &#8220;Hell&#8221;:<\/strong> <em>Blonde (Golden Ale)<\/em> with a beautiful pale gold dress, to drink with friends. <\/span><span title=\"Fine en bouche et stable, elle r\u00e9sulte d\u2019une m\u00e9thode de brassage traditionnelle.\">Fine on the palate and stable, it results from a traditional brewing method. <\/span><span title=\"Le choix s\u00e9v\u00e8re de houblons nobles lui donne  son amertume douce et agr\u00e9able.\">The severe choice of noble hops gives it its sweetness and pleasant bitterness. <\/span><strong><span title=\"(5,1% alc.)\n\">(5.1% alc.)<br \/>\n<\/span><\/strong><\/span><\/p>\n<p><span id=\"result_box\" lang=\"en\"><span title=\"L\u00ebtzeb\u00e9ier \u00ab Donkel \u00bb: Brune pur malt traditionnelle.\"><strong>L\u00ebtzeb\u00e9ier &#8220;Donkel&#8221;:<\/strong> <em>Brown<\/em> from pure traditional malt. <\/span><span title=\"Tr\u00e8s tonique et douce \u00e0 la fois, cette brune classique, s\u00e9duira les amateurs de bi\u00e8res gr\u00e2ce \u00e0 sa complexit\u00e9 suivie d\u2019une finale douce.\">Very tonic and sweet at the same time, this classic brunette will seduce beer lovers thanks to its complexity followed by a soft finish. <\/span><strong><span title=\"(6,3% alc.)\n\">(6.3% alc.)<br \/>\n<\/span><\/strong><\/span><\/p>\n<p><span id=\"result_box\" lang=\"en\"><span title=\"L\u00ebtzeb\u00e9ier \u00ab Ambr\u00e9e \u00bb: Amber Ale  parfaitement \u00e9quilibr\u00e9e entre amertume et go\u00fbt de malt.\"><strong>L\u00ebtzeb\u00e9ier &#8220;Amber&#8221;:<\/strong> <em>Amber Ale<\/em> perfectly balanced between bitterness and malt taste. It <\/span><span title=\"Elle obtient sa couleur or cuivr\u00e9 gr\u00e2ce \u00e0 des malts sp\u00e9ciaux.\">gets its coppery gold color thanks to special slightly roasted malts<\/span><span title=\"l\u00e9g\u00e8rement torr\u00e9fi\u00e9s.\">. <\/span><span title=\"Ce sont justement ces malts qui lui donnent son go\u00fbt plus cors\u00e9 et moelleux (5,2% alc.)\n\">It is precisely these malts that give it a more full-bodied and mellow taste <strong>(5.2% alc.)<\/strong><br \/>\n<\/span><\/span><\/p>\n<p><span id=\"result_box\" lang=\"en\"><span title=\"L\u00ebtzeb\u00e9ier \u00ab Weessb\u00e9ier \u00bb: Blanche de froment \u00e0 femrentation haute.\"><strong>L\u00ebtzeb\u00e9ier &#8220;Weessb\u00e9ier&#8221;:<\/strong> White wheat beer of high fermentation. Ou<\/span><span title=\"notre blanche est une bi\u00e8re p\u00e2le et trouble car non filtr\u00e9e.\">r wheat beeer is a pale, slightly cloudy beer. <\/span><span title=\"Elle est brass\u00e9e avec 50% de froment malt\u00e9.\">It is brewed with 50% malted wheat. <\/span><span title=\"L\u2019utilisation de houblons \u00ab flavour \u00bb lui donne une belle note d\u2019agrume, ce qui la rend agr\u00e9able \u00e0 boire, surtout en \u00e9t\u00e9.\">The use of &#8220;flavor&#8221; hops\u00a0 gives it a nice citrus note, which makes it pleasant to drink, especially in summer. <\/span><strong><span title=\"(5,2% alc.)\n\">(5.2% alc.)<br \/>\n<\/span><\/strong><\/span><\/p>\n<p><span id=\"result_box\" lang=\"en\"><span title=\"L\u00ebtzeb\u00e9ier \u00ab Black Stuff \u00bb: Dry Stout de fermentation haute.\"><strong>L\u00ebtzeb\u00e9ier &#8220;Black Stuff&#8221;<\/strong>: Dry Stout of high fermentation. <\/span><span title=\"Son go\u00fbt riche et velout\u00e9 de caf\u00e9 grill\u00e9 et de chocolat, ainsi que sa couleur opaque proviennent du malt torr\u00e9fi\u00e9.\">It gets its rich and velvety taste of toasted coffee and chocolate, as well as its opaque color\u00a0 from roasted malt. I<\/span><span title=\"son ar\u00f4me intense est arrondi par des houblons aromatiques et toute meilleur qualit\u00e9.\">ts intense aroma is rounded by aromatic hops of best quality. <\/span><strong><span title=\"(5,0% alc.)\">(5.0% alc.)<\/span><\/strong><\/span><\/p>\n","protected":false},"excerpt":{"rendered":"<p>Our craft beers &#8220;L\u00ebtzeb\u00e9ier&#8221; &#8211; real craft beers At the B\u00e9ierhaascht, discover and enjoy unfiltered beers of natural purity. Beers are brewed to the rhythm of the seasons (eg wheat beer in summer, Black Stuff in winter). &#8220;L\u00ebtzeb\u00e9ier&#8221; beers are distinctly different from the usual beers on the market. Their taste, typical of traditional production,&#8230;<\/p>\n","protected":false},"author":8,"featured_media":0,"parent":625,"menu_order":0,"comment_status":"closed","ping_status":"closed","template":"","meta":{"_acf_changed":false,"footnotes":""},"class_list":["post-637","page","type-page","status-publish","hentry"],"acf":[],"yoast_head":"<!-- This site is optimized with the Yoast SEO plugin v27.4 - https:\/\/yoast.com\/product\/yoast-seo-wordpress\/ -->\n<title>Our Beers | Beierhaascht<\/title>\n<meta name=\"robots\" content=\"index, follow, max-snippet:-1, max-image-preview:large, max-video-preview:-1\" \/>\n<link rel=\"canonical\" href=\"https:\/\/beierhaascht.lu\/atelier-brasseur\/nos-bieres\/\" \/>\n<meta property=\"og:locale\" content=\"en_US\" \/>\n<meta property=\"og:type\" content=\"article\" \/>\n<meta property=\"og:title\" content=\"Our Beers | Beierhaascht\" \/>\n<meta property=\"og:description\" content=\"Our craft beers &#8220;L\u00ebtzeb\u00e9ier&#8221; &#8211; real craft beers At the B\u00e9ierhaascht, discover and enjoy unfiltered beers of natural purity. Beers are brewed to the rhythm of the seasons (eg wheat beer in summer, Black Stuff in winter). &#8220;L\u00ebtzeb\u00e9ier&#8221; beers are distinctly different from the usual beers on the market. Their taste, typical of traditional production,...\" \/>\n<meta property=\"og:url\" content=\"https:\/\/beierhaascht.lu\/atelier-brasseur\/nos-bieres\/\" \/>\n<meta property=\"og:site_name\" content=\"Beierhaascht\" \/>\n<meta property=\"article:modified_time\" content=\"2018-08-17T08:19:14+00:00\" \/>\n<meta name=\"twitter:card\" content=\"summary_large_image\" \/>\n<meta name=\"twitter:label1\" content=\"Est. reading time\" \/>\n\t<meta name=\"twitter:data1\" content=\"2 minutes\" \/>\n<script type=\"application\/ld+json\" class=\"yoast-schema-graph\">{\"@context\":\"https:\\\/\\\/schema.org\",\"@graph\":[{\"@type\":\"WebPage\",\"@id\":\"https:\\\/\\\/beierhaascht.lu\\\/atelier-brasseur\\\/nos-bieres\\\/\",\"url\":\"https:\\\/\\\/beierhaascht.lu\\\/atelier-brasseur\\\/nos-bieres\\\/\",\"name\":\"Our Beers | Beierhaascht\",\"isPartOf\":{\"@id\":\"https:\\\/\\\/beierhaascht.lu\\\/#website\"},\"datePublished\":\"2018-07-11T12:51:58+00:00\",\"dateModified\":\"2018-08-17T08:19:14+00:00\",\"breadcrumb\":{\"@id\":\"https:\\\/\\\/beierhaascht.lu\\\/atelier-brasseur\\\/nos-bieres\\\/#breadcrumb\"},\"inLanguage\":\"en-US\",\"potentialAction\":[{\"@type\":\"ReadAction\",\"target\":[\"https:\\\/\\\/beierhaascht.lu\\\/atelier-brasseur\\\/nos-bieres\\\/\"]}]},{\"@type\":\"BreadcrumbList\",\"@id\":\"https:\\\/\\\/beierhaascht.lu\\\/atelier-brasseur\\\/nos-bieres\\\/#breadcrumb\",\"itemListElement\":[{\"@type\":\"ListItem\",\"position\":1,\"name\":\"Accueil\",\"item\":\"https:\\\/\\\/beierhaascht.lu\\\/\"},{\"@type\":\"ListItem\",\"position\":2,\"name\":\"The brewer&#8217;s universe\",\"item\":\"https:\\\/\\\/beierhaascht.lu\\\/en\\\/atelier-brasseur\\\/\"},{\"@type\":\"ListItem\",\"position\":3,\"name\":\"Our Beers\"}]},{\"@type\":\"WebSite\",\"@id\":\"https:\\\/\\\/beierhaascht.lu\\\/#website\",\"url\":\"https:\\\/\\\/beierhaascht.lu\\\/\",\"name\":\"Beierhaascht\",\"description\":\"\",\"potentialAction\":[{\"@type\":\"SearchAction\",\"target\":{\"@type\":\"EntryPoint\",\"urlTemplate\":\"https:\\\/\\\/beierhaascht.lu\\\/?s={search_term_string}\"},\"query-input\":{\"@type\":\"PropertyValueSpecification\",\"valueRequired\":true,\"valueName\":\"search_term_string\"}}],\"inLanguage\":\"en-US\"}]}<\/script>\n<!-- \/ Yoast SEO plugin. -->","yoast_head_json":{"title":"Our Beers | Beierhaascht","robots":{"index":"index","follow":"follow","max-snippet":"max-snippet:-1","max-image-preview":"max-image-preview:large","max-video-preview":"max-video-preview:-1"},"canonical":"https:\/\/beierhaascht.lu\/atelier-brasseur\/nos-bieres\/","og_locale":"en_US","og_type":"article","og_title":"Our Beers | Beierhaascht","og_description":"Our craft beers &#8220;L\u00ebtzeb\u00e9ier&#8221; &#8211; real craft beers At the B\u00e9ierhaascht, discover and enjoy unfiltered beers of natural purity. Beers are brewed to the rhythm of the seasons (eg wheat beer in summer, Black Stuff in winter). &#8220;L\u00ebtzeb\u00e9ier&#8221; beers are distinctly different from the usual beers on the market. Their taste, typical of traditional production,...","og_url":"https:\/\/beierhaascht.lu\/atelier-brasseur\/nos-bieres\/","og_site_name":"Beierhaascht","article_modified_time":"2018-08-17T08:19:14+00:00","twitter_card":"summary_large_image","twitter_misc":{"Est. reading time":"2 minutes"},"schema":{"@context":"https:\/\/schema.org","@graph":[{"@type":"WebPage","@id":"https:\/\/beierhaascht.lu\/atelier-brasseur\/nos-bieres\/","url":"https:\/\/beierhaascht.lu\/atelier-brasseur\/nos-bieres\/","name":"Our Beers | Beierhaascht","isPartOf":{"@id":"https:\/\/beierhaascht.lu\/#website"},"datePublished":"2018-07-11T12:51:58+00:00","dateModified":"2018-08-17T08:19:14+00:00","breadcrumb":{"@id":"https:\/\/beierhaascht.lu\/atelier-brasseur\/nos-bieres\/#breadcrumb"},"inLanguage":"en-US","potentialAction":[{"@type":"ReadAction","target":["https:\/\/beierhaascht.lu\/atelier-brasseur\/nos-bieres\/"]}]},{"@type":"BreadcrumbList","@id":"https:\/\/beierhaascht.lu\/atelier-brasseur\/nos-bieres\/#breadcrumb","itemListElement":[{"@type":"ListItem","position":1,"name":"Accueil","item":"https:\/\/beierhaascht.lu\/"},{"@type":"ListItem","position":2,"name":"The brewer&#8217;s universe","item":"https:\/\/beierhaascht.lu\/en\/atelier-brasseur\/"},{"@type":"ListItem","position":3,"name":"Our Beers"}]},{"@type":"WebSite","@id":"https:\/\/beierhaascht.lu\/#website","url":"https:\/\/beierhaascht.lu\/","name":"Beierhaascht","description":"","potentialAction":[{"@type":"SearchAction","target":{"@type":"EntryPoint","urlTemplate":"https:\/\/beierhaascht.lu\/?s={search_term_string}"},"query-input":{"@type":"PropertyValueSpecification","valueRequired":true,"valueName":"search_term_string"}}],"inLanguage":"en-US"}]}},"_links":{"self":[{"href":"https:\/\/beierhaascht.lu\/en\/wp-json\/wp\/v2\/pages\/637","targetHints":{"allow":["GET"]}}],"collection":[{"href":"https:\/\/beierhaascht.lu\/en\/wp-json\/wp\/v2\/pages"}],"about":[{"href":"https:\/\/beierhaascht.lu\/en\/wp-json\/wp\/v2\/types\/page"}],"author":[{"embeddable":true,"href":"https:\/\/beierhaascht.lu\/en\/wp-json\/wp\/v2\/users\/8"}],"replies":[{"embeddable":true,"href":"https:\/\/beierhaascht.lu\/en\/wp-json\/wp\/v2\/comments?post=637"}],"version-history":[{"count":0,"href":"https:\/\/beierhaascht.lu\/en\/wp-json\/wp\/v2\/pages\/637\/revisions"}],"up":[{"embeddable":true,"href":"https:\/\/beierhaascht.lu\/en\/wp-json\/wp\/v2\/pages\/625"}],"wp:attachment":[{"href":"https:\/\/beierhaascht.lu\/en\/wp-json\/wp\/v2\/media?parent=637"}],"curies":[{"name":"wp","href":"https:\/\/api.w.org\/{rel}","templated":true}]}}